{"id":20499,"date":"2023-02-10T20:53:57","date_gmt":"2023-02-10T20:53:57","guid":{"rendered":"https:\/\/nobelbiz.com\/?page_id=20499"},"modified":"2023-02-13T14:33:31","modified_gmt":"2023-02-13T14:33:31","slug":"telechargez","status":"publish","type":"page","link":"https:\/\/nobelbiz.com\/fr\/ressources\/ebooks\/comment-choisir-une-solution-ccaas\/telechargez\/","title":{"rendered":"T\u00e9l\u00e9chargez &#8211; Comment Choisir Une Solution CCaaS?"},"content":{"rendered":"\t\t<div data-elementor-type=\"wp-page\" data-elementor-id=\"20499\" class=\"elementor elementor-20499\" data-elementor-post-type=\"page\">\n\t\t\t\t\t\t<section class=\"elementor-section elementor-top-section elementor-element elementor-element-35b3acf3 elementor-section-stretched elementor-section-full_width elementor-section-height-default elementor-section-height-default\" data-id=\"35b3acf3\" data-element_type=\"section\" data-e-type=\"section\" data-settings=\"{&quot;background_background&quot;:&quot;classic&quot;,&quot;stretch_section&quot;:&quot;section-stretched&quot;}\">\n\t\t\t\t\t\t\t<div class=\"elementor-background-overlay\"><\/div>\n\t\t\t\t\t\t\t<div class=\"elementor-container elementor-column-gap-default\">\n\t\t\t\t\t<div class=\"elementor-column elementor-col-100 elementor-top-column elementor-element elementor-element-75326b9 ot-flex-column-vertical\" data-id=\"75326b9\" data-element_type=\"column\" data-e-type=\"column\">\n\t\t\t<div class=\"elementor-widget-wrap elementor-element-populated\">\n\t\t\t\t\t\t<section class=\"elementor-section elementor-inner-section elementor-element elementor-element-1ca6ca9 elementor-section-full_width elementor-section-content-middle elementor-section-height-default elementor-section-height-default\" data-id=\"1ca6ca9\" data-element_type=\"section\" data-e-type=\"section\">\n\t\t\t\t\t\t<div class=\"elementor-container elementor-column-gap-default\">\n\t\t\t\t\t<div class=\"elementor-column elementor-col-50 elementor-inner-column elementor-element elementor-element-1801c38 ot-flex-column-vertical\" data-id=\"1801c38\" data-element_type=\"column\" data-e-type=\"column\">\n\t\t\t<div class=\"elementor-widget-wrap elementor-element-populated\">\n\t\t\t\t\t\t<div class=\"elementor-element elementor-element-1f6f75a elementor-widget elementor-widget-image\" data-id=\"1f6f75a\" data-element_type=\"widget\" data-e-type=\"widget\" data-widget_type=\"image.default\">\n\t\t\t\t<div class=\"elementor-widget-container\">\n\t\t\t\t\t\t\t\t\t\t\t\t\t\t\t<img fetchpriority=\"high\" decoding=\"async\" width=\"1080\" height=\"720\" src=\"https:\/\/nobelbiz.com\/wp-content\/uploads\/2023\/02\/Comment-Choisir-Une-Solution-CCaaS.webp\" class=\"attachment-full size-full wp-image-20504\" alt=\"\" srcset=\"https:\/\/nobelbiz.com\/wp-content\/uploads\/2023\/02\/Comment-Choisir-Une-Solution-CCaaS.webp 1080w, https:\/\/nobelbiz.com\/wp-content\/uploads\/2023\/02\/Comment-Choisir-Une-Solution-CCaaS-300x200.webp 300w, https:\/\/nobelbiz.com\/wp-content\/uploads\/2023\/02\/Comment-Choisir-Une-Solution-CCaaS-1024x683.webp 1024w, https:\/\/nobelbiz.com\/wp-content\/uploads\/2023\/02\/Comment-Choisir-Une-Solution-CCaaS-768x512.webp 768w, https:\/\/nobelbiz.com\/wp-content\/uploads\/2023\/02\/Comment-Choisir-Une-Solution-CCaaS-750x500.webp 750w\" sizes=\"(max-width: 1080px) 100vw, 1080px\" \/>\t\t\t\t\t\t\t\t\t\t\t\t\t\t\t<\/div>\n\t\t\t\t<\/div>\n\t\t\t\t\t<\/div>\n\t\t<\/div>\n\t\t\t\t<div class=\"elementor-column elementor-col-50 elementor-inner-column elementor-element elementor-element-c33d335 ot-flex-column-vertical\" data-id=\"c33d335\" data-element_type=\"column\" data-e-type=\"column\">\n\t\t\t<div class=\"elementor-widget-wrap elementor-element-populated\">\n\t\t\t\t\t\t<div class=\"elementor-element elementor-element-da4a8aa elementor-widget elementor-widget-iheading\" data-id=\"da4a8aa\" data-element_type=\"widget\" data-e-type=\"widget\" data-widget_type=\"iheading.default\">\n\t\t\t\t<div class=\"elementor-widget-container\">\n\t\t\t\t\t\t\t<div class=\"ot-heading left-align\">\r\n\t\t\t\r\n\t\t\t\t\r\n\r\n\t        \t            <h6 class=\"sub-heading\"><span>VOTRE T\u00c9L\u00c9CHARGEMENT EST PR\u00caT<\/span><\/h6>\r\n\t         \r\n\r\n\t        \t        \t<h2 class=\"main-heading\">Comment Choisir Une Solution CCaaS?<\/h2>\r\n\t        \t    <\/div>\r\n\t    \t\t\t\t<\/div>\n\t\t\t\t<\/div>\n\t\t\t\t<div class=\"elementor-element elementor-element-de21ecf elementor-align-left elementor-mobile-align-center elementor-widget elementor-widget-button\" data-id=\"de21ecf\" data-element_type=\"widget\" data-e-type=\"widget\" data-widget_type=\"button.default\">\n\t\t\t\t<div class=\"elementor-widget-container\">\n\t\t\t\t\t\t\t\t\t<div class=\"elementor-button-wrapper\">\n\t\t\t\t\t<a class=\"elementor-button elementor-button-link elementor-size-sm\" href=\"https:\/\/nobelbiz.com\/wp-content\/uploads\/FR_ebooks\/Comment-choisir-une-solution-CCaaS-en-2022.pdf\" target=\"_blank\">\n\t\t\t\t\t\t<span class=\"elementor-button-content-wrapper\">\n\t\t\t\t\t\t<span class=\"elementor-button-icon\">\n\t\t\t\t<i aria-hidden=\"true\" class=\"fas fa-arrow-alt-circle-down\"><\/i>\t\t\t<\/span>\n\t\t\t\t\t\t\t\t\t<span class=\"elementor-button-text\">T\u00e9l\u00e9chargez maintenant<\/span>\n\t\t\t\t\t<\/span>\n\t\t\t\t\t<\/a>\n\t\t\t\t<\/div>\n\t\t\t\t\t\t\t\t<\/div>\n\t\t\t\t<\/div>\n\t\t\t\t\t<\/div>\n\t\t<\/div>\n\t\t\t\t\t<\/div>\n\t\t<\/section>\n\t\t\t\t\t<\/div>\n\t\t<\/div>\n\t\t\t\t\t<\/div>\n\t\t<\/section>\n\t\t\t\t<\/div>\n\t\t","protected":false},"excerpt":{"rendered":"<p>VOTRE T\u00c9L\u00c9CHARGEMENT EST PR\u00caT Comment Choisir Une Solution CCaaS? T\u00e9l\u00e9chargez maintenant<\/p>\n","protected":false},"author":4,"featured_media":0,"parent":20511,"menu_order":0,"comment_status":"closed","ping_status":"closed","template":"","meta":{"content-type":"","inline_featured_image":false,"_lmt_disableupdate":"no","_lmt_disable":"","footnotes":""},"categories":[],"tags":[],"class_list":["post-20499","page","type-page","status-publish","hentry"],"yoast_head":"<!-- This site is optimized with the Yoast SEO Premium plugin v27.3 (Yoast SEO v27.3) - https:\/\/yoast.com\/product\/yoast-seo-premium-wordpress\/ -->\n<title>T\u00e9l\u00e9chargez - Comment Choisir Une Solution CCaaS? - NobelBiz<\/title>\n<meta name=\"robots\" content=\"index, follow, max-snippet:-1, max-image-preview:large, max-video-preview:-1\" \/>\n<link rel=\"canonical\" href=\"https:\/\/nobelbiz.com\/fr\/ressources\/ebooks\/comment-choisir-une-solution-ccaas\/telechargez\/\" \/>\n<meta property=\"og:locale\" content=\"fr_FR\" \/>\n<meta property=\"og:type\" content=\"article\" \/>\n<meta property=\"og:title\" content=\"T\u00e9l\u00e9chargez - Comment Choisir Une Solution CCaaS?\" \/>\n<meta property=\"og:description\" content=\"VOTRE T\u00c9L\u00c9CHARGEMENT EST PR\u00caT Comment Choisir Une Solution CCaaS? T\u00e9l\u00e9chargez maintenant\" \/>\n<meta property=\"og:url\" content=\"https:\/\/nobelbiz.com\/fr\/ressources\/ebooks\/comment-choisir-une-solution-ccaas\/telechargez\/\" \/>\n<meta property=\"og:site_name\" content=\"NobelBiz\" \/>\n<meta property=\"article:publisher\" content=\"https:\/\/www.facebook.com\/nobelbizinc\" \/>\n<meta property=\"article:modified_time\" content=\"2023-02-13T14:33:31+00:00\" \/>\n<meta property=\"og:image\" content=\"https:\/\/nobelbiz.com\/wp-content\/uploads\/2023\/02\/Comment-Choisir-Une-Solution-CCaaS.webp\" \/>\n<meta name=\"twitter:card\" content=\"summary_large_image\" \/>\n<meta name=\"twitter:site\" content=\"@NobelBiz\" \/>\n<meta name=\"twitter:label1\" content=\"Dur\u00e9e de lecture estim\u00e9e\" \/>\n\t<meta name=\"twitter:data1\" content=\"1 minute\" \/>\n<!-- \/ Yoast SEO Premium plugin. -->","yoast_head_json":{"title":"T\u00e9l\u00e9chargez - Comment Choisir Une Solution CCaaS? - NobelBiz","robots":{"index":"index","follow":"follow","max-snippet":"max-snippet:-1","max-image-preview":"max-image-preview:large","max-video-preview":"max-video-preview:-1"},"canonical":"https:\/\/nobelbiz.com\/fr\/ressources\/ebooks\/comment-choisir-une-solution-ccaas\/telechargez\/","og_locale":"fr_FR","og_type":"article","og_title":"T\u00e9l\u00e9chargez - Comment Choisir Une Solution CCaaS?","og_description":"VOTRE T\u00c9L\u00c9CHARGEMENT EST PR\u00caT Comment Choisir Une Solution CCaaS? T\u00e9l\u00e9chargez maintenant","og_url":"https:\/\/nobelbiz.com\/fr\/ressources\/ebooks\/comment-choisir-une-solution-ccaas\/telechargez\/","og_site_name":"NobelBiz","article_publisher":"https:\/\/www.facebook.com\/nobelbizinc","article_modified_time":"2023-02-13T14:33:31+00:00","og_image":[{"url":"https:\/\/nobelbiz.com\/wp-content\/uploads\/2023\/02\/Comment-Choisir-Une-Solution-CCaaS.webp","type":"","width":"","height":""}],"twitter_card":"summary_large_image","twitter_site":"@NobelBiz","twitter_misc":{"Dur\u00e9e de lecture estim\u00e9e":"1 minute"},"schema":{"@context":"https:\/\/schema.org","@graph":[{"@type":"WebPage","@id":"https:\/\/nobelbiz.com\/fr\/ressources\/ebooks\/comment-choisir-une-solution-ccaas\/telechargez\/","url":"https:\/\/nobelbiz.com\/fr\/ressources\/ebooks\/comment-choisir-une-solution-ccaas\/telechargez\/","name":"T\u00e9l\u00e9chargez - Comment Choisir Une Solution CCaaS? - NobelBiz","isPartOf":{"@id":"https:\/\/nobelbiz.com\/fr\/#website"},"primaryImageOfPage":{"@id":"https:\/\/nobelbiz.com\/fr\/ressources\/ebooks\/comment-choisir-une-solution-ccaas\/telechargez\/#primaryimage"},"image":{"@id":"https:\/\/nobelbiz.com\/fr\/ressources\/ebooks\/comment-choisir-une-solution-ccaas\/telechargez\/#primaryimage"},"thumbnailUrl":"https:\/\/nobelbiz.com\/wp-content\/uploads\/2023\/02\/Comment-Choisir-Une-Solution-CCaaS.webp","datePublished":"2023-02-10T20:53:57+00:00","dateModified":"2023-02-13T14:33:31+00:00","breadcrumb":{"@id":"https:\/\/nobelbiz.com\/fr\/ressources\/ebooks\/comment-choisir-une-solution-ccaas\/telechargez\/#breadcrumb"},"inLanguage":"fr-FR","potentialAction":[{"@type":"ReadAction","target":["https:\/\/nobelbiz.com\/fr\/ressources\/ebooks\/comment-choisir-une-solution-ccaas\/telechargez\/"]}]},{"@type":"ImageObject","inLanguage":"fr-FR","@id":"https:\/\/nobelbiz.com\/fr\/ressources\/ebooks\/comment-choisir-une-solution-ccaas\/telechargez\/#primaryimage","url":"https:\/\/nobelbiz.com\/wp-content\/uploads\/2023\/02\/Comment-Choisir-Une-Solution-CCaaS.webp","contentUrl":"https:\/\/nobelbiz.com\/wp-content\/uploads\/2023\/02\/Comment-Choisir-Une-Solution-CCaaS.webp"},{"@type":"BreadcrumbList","@id":"https:\/\/nobelbiz.com\/fr\/ressources\/ebooks\/comment-choisir-une-solution-ccaas\/telechargez\/#breadcrumb","itemListElement":[{"@type":"ListItem","position":1,"name":"Home","item":"https:\/\/nobelbiz.com\/fr\/"},{"@type":"ListItem","position":2,"name":"eBooks","item":"https:\/\/nobelbiz.com\/fr\/ebooks\/"},{"@type":"ListItem","position":3,"name":"Ebook: Comment Choisir Une Solution CCaaS ?","item":"https:\/\/nobelbiz.com\/fr\/ebooks\/comment-choisir-une-solution-ccaas\/"},{"@type":"ListItem","position":4,"name":"T\u00e9l\u00e9chargez &#8211; Comment Choisir Une Solution CCaaS?"}]},{"@type":"WebSite","@id":"https:\/\/nobelbiz.com\/fr\/#website","url":"https:\/\/nobelbiz.com\/fr\/","name":"NobelBiz","description":"Contact Center Technology Solutions","publisher":{"@id":"https:\/\/nobelbiz.com\/fr\/#organization"},"potentialAction":[{"@type":"SearchAction","target":{"@type":"EntryPoint","urlTemplate":"https:\/\/nobelbiz.com\/fr\/?s={search_term_string}"},"query-input":{"@type":"PropertyValueSpecification","valueRequired":true,"valueName":"search_term_string"}}],"inLanguage":"fr-FR"},{"@type":"Organization","@id":"https:\/\/nobelbiz.com\/fr\/#organization","name":"NobelBiz","url":"https:\/\/nobelbiz.com\/fr\/","logo":{"@type":"ImageObject","inLanguage":"fr-FR","@id":"https:\/\/nobelbiz.com\/fr\/#\/schema\/logo\/image\/","url":"https:\/\/nobelbiz.com\/wp-content\/uploads\/2025\/09\/NobelBiz-logo-696.jpg","contentUrl":"https:\/\/nobelbiz.com\/wp-content\/uploads\/2025\/09\/NobelBiz-logo-696.jpg","width":696,"height":696,"caption":"NobelBiz"},"image":{"@id":"https:\/\/nobelbiz.com\/fr\/#\/schema\/logo\/image\/"},"sameAs":["https:\/\/www.facebook.com\/nobelbizinc","https:\/\/x.com\/NobelBiz","https:\/\/mastodon.social\/@Nobelbiz","https:\/\/www.youtube.com\/Nobelbiz"],"description":"NobelBiz is a world-class Telecom and CCaaS company with almost 20 years of experience, delivering complete and tailored solutions for contact centers across the globe irrespective of size, industry or activity. Based in Cheyenne, WY, NobelBiz has grown to serve Contact Centers globally providing World-Class Voice Services, Cloud Contact Center, and Omnichannel solutions. NobelBiz is the only call center-focused telecom carrier in the industry. We are dead-set on empowering call centers conversations all day, everyday. NobelBiz transforms Contact Centers into higher-performing Intelligent Contact Centers. We help take companies from isolated cost center to company-wide intelligence generator for customer service, sales, marketing, product development, and more. The NobelBiz Voice Carrier Network is the only telecom network built for contact centers, having no rivals in terms of services, coverage, and pricing. NobelBiz offers the most versatile selection of smart tools to increase contact rates, mitigate impacts of call labeling and blocking, and provide all-around compliance. The NobelBiz OMNI+ cloud contact center software has a unique blend of capabilities: from Omnichannel, Impressive API integrations, and fast implementation, to simple cross-channel campaign setup and remote work.","email":"info@nobelbiz.com","telephone":"800.975.2844","legalName":"Nobelbiz","foundingDate":"2003-01-17","naics":"517911","numberOfEmployees":{"@type":"QuantitativeValue","minValue":"51","maxValue":"200"}}]}},"_links":{"self":[{"href":"https:\/\/nobelbiz.com\/fr\/wp-json\/wp\/v2\/pages\/20499","targetHints":{"allow":["GET"]}}],"collection":[{"href":"https:\/\/nobelbiz.com\/fr\/wp-json\/wp\/v2\/pages"}],"about":[{"href":"https:\/\/nobelbiz.com\/fr\/wp-json\/wp\/v2\/types\/page"}],"author":[{"embeddable":true,"href":"https:\/\/nobelbiz.com\/fr\/wp-json\/wp\/v2\/users\/4"}],"replies":[{"embeddable":true,"href":"https:\/\/nobelbiz.com\/fr\/wp-json\/wp\/v2\/comments?post=20499"}],"version-history":[{"count":0,"href":"https:\/\/nobelbiz.com\/fr\/wp-json\/wp\/v2\/pages\/20499\/revisions"}],"up":[{"embeddable":true,"href":"https:\/\/nobelbiz.com\/fr\/wp-json\/wp\/v2\/pages\/20511"}],"wp:attachment":[{"href":"https:\/\/nobelbiz.com\/fr\/wp-json\/wp\/v2\/media?parent=20499"}],"wp:term":[{"taxonomy":"category","embeddable":true,"href":"https:\/\/nobelbiz.com\/fr\/wp-json\/wp\/v2\/categories?post=20499"},{"taxonomy":"post_tag","embeddable":true,"href":"https:\/\/nobelbiz.com\/fr\/wp-json\/wp\/v2\/tags?post=20499"}],"curies":[{"name":"wp","href":"https:\/\/api.w.org\/{rel}","templated":true}]}}