{"id":19681,"date":"2023-02-06T12:44:24","date_gmt":"2023-02-06T12:44:24","guid":{"rendered":"https:\/\/nobelbiz.com\/?page_id=19681"},"modified":"2023-02-07T17:31:29","modified_gmt":"2023-02-07T17:31:29","slug":"politique-de-confidentialite","status":"publish","type":"page","link":"https:\/\/nobelbiz.com\/fr\/politique-de-confidentialite\/","title":{"rendered":"Politique de confidentialit\u00e9"},"content":{"rendered":"\t\t<div data-elementor-type=\"wp-page\" data-elementor-id=\"19681\" class=\"elementor elementor-19681 elementor-19415\" data-elementor-post-type=\"page\">\n\t\t\t\t\t\t<section class=\"elementor-section elementor-top-section elementor-element elementor-element-43841b64 elementor-section-full_width elementor-section-height-default elementor-section-height-default\" data-id=\"43841b64\" data-element_type=\"section\" data-e-type=\"section\">\n\t\t\t\t\t\t<div class=\"elementor-container elementor-column-gap-default\">\n\t\t\t\t\t<div class=\"elementor-column elementor-col-100 elementor-top-column elementor-element elementor-element-3096d723 ot-flex-column-vertical\" data-id=\"3096d723\" data-element_type=\"column\" data-e-type=\"column\">\n\t\t\t<div class=\"elementor-widget-wrap elementor-element-populated\">\n\t\t\t\t\t\t<div class=\"elementor-element elementor-element-7581f9df elementor-widget elementor-widget-text-editor\" data-id=\"7581f9df\" data-element_type=\"widget\" data-e-type=\"widget\" data-widget_type=\"text-editor.default\">\n\t\t\t\t<div class=\"elementor-widget-container\">\n\t\t\t\t\t\t\t\t\t<h2>Politique de confidentialit\u00e9<\/h2><h4>Objet:<\/h4><p>Chez NobelBiz\u00ae Inc, nous souhaitons nous assurer que nos clients (chaque \u201cutilisateur\u201d) sont conscients de la fa\u00e7on dont les informations collect\u00e9es par le biais de notre site Web www.NobelBiz.com (\u201csite\u201d) sont trait\u00e9es et de la fa\u00e7on dont leur vie priv\u00e9e et leur s\u00e9curit\u00e9 sont prot\u00e9g\u00e9es. En cons\u00e9quence, nous avons \u00e9labor\u00e9 la politique de confidentialit\u00e9 du site Web suivante, qui s\u2019applique au site et \u00e0 tous les produits et services offerts par NobelBiz Inc.<\/p><hr \/><p><b>LA COLLECTE ET L\u2019UTILISATION DES INFORMATIONS:<\/b><\/p><p><b>Informations d\u2019Identification Personnelle<\/b><br \/>Nous pouvons recueillir des informations d\u2019identification personnelle des Utilisateurs de diff\u00e9rentes mani\u00e8res. En rapport avec les activit\u00e9s, les services, les caract\u00e9ristiques ou les ressources que nous mettons \u00e0 disposition sur notre Site. Les utilisateurs peuvent visiter notre site de mani\u00e8re anonyme. Nous ne recueillons des informations d\u2019identification personnelle des utilisateurs que s\u2019ils nous les communiquent volontairement. Les utilisateurs peuvent toujours refuser de fournir des informations d\u2019identification personnelle, sauf que cela peut les emp\u00eacher de s\u2019engager dans certaines activit\u00e9s li\u00e9es au Site.<\/p><p><b>Non-Personal Identification Information<br \/><\/b>Nous pouvons collecter des informations d\u2019identification non personnelles sur les utilisateurs chaque fois qu\u2019ils interagissent avec notre site. Les informations d\u2019identification non personnelles peuvent inclure le nom du navigateur, le type d\u2019ordinateur et des informations techniques sur les moyens de connexion des utilisateurs \u00e0 notre site. Tels que le syst\u00e8me d\u2019exploitation et les fournisseurs de services Internet utilis\u00e9s, ainsi que d\u2019autres informations similaires.<\/p><p><b>Web Browser Cookies<br \/><\/b>Notre site peut utiliser des \u201ccookies\u201d pour am\u00e9liorer l\u2019exp\u00e9rience de l\u2019utilisateur. Le navigateur web de l\u2019utilisateur place des cookies sur son disque dur \u00e0 des fins d\u2019archivage et parfois pour suivre les informations le concernant. L\u2019utilisateur peut choisir de configurer son navigateur web pour qu\u2019il refuse les cookies, ou pour qu\u2019il vous avertisse lorsque des cookies sont envoy\u00e9s. Dans ce cas, veuillez noter que certaines parties du site peuvent ne pas fonctionner correctement.<\/p><p><b>Cookies des Navigateurs Web<br \/><\/b>NOBELBIZ INC. peut recueillir et utiliser les informations personnelles des utilisateurs pour les fins suivantes :<\/p><ul><li>Pour am\u00e9liorer le service clients, Les informations que vous fournissez nous aident \u00e0 r\u00e9pondre plus efficacement \u00e0 vos demandes de service client et \u00e0 vos besoins d\u2019assistance.<\/li><li>Pour personnaliser l\u2019exp\u00e9rience des utilisateurs, nous pouvons utiliser les informations dans leur ensemble afin de comprendre comment nos utilisateurs en tant que groupe utilisent les services et les ressources fournis sur notre site.<\/li><li>Pour am\u00e9liorer notre site, nous pouvons utiliser les commentaires que vous nous fournissez pour am\u00e9liorer nos produits et services.<\/li><li>Pour envoyer des mails p\u00e9riodiques, nous pouvons utiliser l\u2019adresse email pour r\u00e9pondre \u00e0 leurs demandes, questions et\/ou autres requ\u00eates. Si l\u2019utilisateur d\u00e9cide de s\u2019inscrire \u00e0 notre liste de diffusion, il recevra des courriels qui peuvent contenir des nouvelles de l\u2019entreprise, des mises \u00e0 jour, des informations sur des produits ou services connexes, etc. Si, \u00e0 tout moment, l\u2019utilisateur souhaite se d\u00e9sabonner de la r\u00e9ception de futurs mails, nous incluons des instructions d\u00e9taill\u00e9es de d\u00e9sabonnement au bas de chaque courrier \u00e9lectronique ou l\u2019utilisateur peut nous contacter via notre site.<\/li><\/ul><p><b>Comment Nous Prot\u00e9geons Vos Informations<br \/><\/b>NOBELBIZ INC. utilise des pratiques appropri\u00e9es de collecte, de stockage et de traitement des donn\u00e9es ainsi que des mesures de s\u00e9curit\u00e9 pour prot\u00e9ger contre l\u2019acc\u00e8s non autoris\u00e9, l\u2019alt\u00e9ration, la divulgation ou la destruction de vos informations personnelles et des donn\u00e9es stock\u00e9es sur notre site. L\u2019\u00e9change de donn\u00e9es sensibles et priv\u00e9es entre le Site et ses Utilisateurs se fait par le biais d\u2019un canal de communication s\u00e9curis\u00e9 SSL et est crypt\u00e9 et prot\u00e9g\u00e9 par des signatures num\u00e9riques.<\/p><p><b>Partage de Vos Informations Personnelles<br \/><\/b>Chez NOBELBIZ INC., nous ne vendons, n\u2019\u00e9changeons ni ne louons \u00e0 des tiers, les informations d\u2019identification personnelle des utilisateurs. Nous pouvons divulguer les informations que nous recueillons, comme la loi le permet, \u00e0 d\u2019autres fournisseurs de services avec lesquels nous avons des accords de marketing conjoints, \u00e0 d\u2019autres soci\u00e9t\u00e9s affili\u00e9es pour nous aider \u00e0 administrer notre entreprise ou fournir des informations sur les produits aux clients, et \u00e0 d\u2019autres tiers, mais uniquement pour administrer les produits et services obtenus de NOBELBIZ INC. pour mener nos affaires, ou lorsque la loi l\u2019exige.<\/p><p><b>Sites Web Tiers<br \/><\/b>Les utilisateurs peuvent trouver sur notre site des publicit\u00e9s ou d\u2019autres contenus qui renvoient aux sites et services de nos partenaires, fournisseurs, annonceurs, sponsors, conc\u00e9dants de licence et autres tiers. Nous ne contr\u00f4lons pas le contenu ou les liens qui apparaissent sur ces sites et nous ne sommes pas responsables des pratiques employ\u00e9es par les sites web li\u00e9s \u00e0 notre site ou \u00e0 partir de notre site. En outre, ces sites ou services, y compris leur contenu et leurs liens, peuvent \u00eatre en constante \u00e9volution. Ces sites et services peuvent avoir leurs propres politiques de confidentialit\u00e9 et de service. La navigation et l\u2019interaction sur tout autre site web, y compris les sites web qui ont un lien vers notre site, sont soumises aux conditions et politiques propres \u00e0 ce site.<br \/>VOTRE ACCEPTATION DE CES CONDITIONS :<\/p><p>En utilisant ce site, vous indiquez que vous acceptez cette politique et ces conditions de service. Si vous n\u2019acceptez pas cette politique, veuillez ne pas utiliser notre site. Si vous continuez \u00e0 utiliser le site apr\u00e8s la publication de modifications \u00e0 la pr\u00e9sente politique, vous serez r\u00e9put\u00e9 avoir accept\u00e9 ces modifications.<br \/>NOUS CONTACTER :<\/p><p>Si vous avez des commentaires ou des questions concernant la politique de confidentialit\u00e9 du site Web de NobelBiz, veuillez nous contacter \u00e0 l\u2019adresse suivante<\/p><h6><b>NobelBiz Inc.<\/b><\/h6><p>Main: <a href=\"http:\/\/+33 9 73 05 07 06\">+33 9 73 05 07 06<\/a><br \/>Web: <a href=\"http:\/\/www.NobelBiz.com\">www.NobelBiz.com<\/a><br \/>Email: <a href=\"mailto:bonjour@nobelbiz.com\">bonjour@nobelbiz.com<\/a><\/p>\t\t\t\t\t\t\t\t<\/div>\n\t\t\t\t<\/div>\n\t\t\t\t\t<\/div>\n\t\t<\/div>\n\t\t\t\t\t<\/div>\n\t\t<\/section>\n\t\t\t\t<\/div>\n\t\t","protected":false},"excerpt":{"rendered":"<p>Politique de confidentialit\u00e9 Objet: Chez NobelBiz\u00ae Inc, nous souhaitons nous assurer que nos clients (chaque \u201cutilisateur\u201d) sont conscients de la fa\u00e7on dont les informations collect\u00e9es par le biais de notre site Web www.NobelBiz.com (\u201csite\u201d) sont trait\u00e9es et de la fa\u00e7on dont leur vie priv\u00e9e et leur s\u00e9curit\u00e9 sont prot\u00e9g\u00e9es. En cons\u00e9quence, nous avons \u00e9labor\u00e9 la [&hellip;]<\/p>\n","protected":false},"author":4,"featured_media":0,"parent":0,"menu_order":0,"comment_status":"closed","ping_status":"closed","template":"","meta":{"content-type":"","inline_featured_image":false,"_lmt_disableupdate":"no","_lmt_disable":"","footnotes":""},"categories":[],"tags":[],"class_list":["post-19681","page","type-page","status-publish","hentry"],"yoast_head":"<!-- This site is optimized with the Yoast SEO Premium plugin v27.3 (Yoast SEO v27.3) - https:\/\/yoast.com\/product\/yoast-seo-premium-wordpress\/ -->\n<title>Politique de confidentialit\u00e9 - NobelBiz<\/title>\n<meta name=\"robots\" content=\"index, follow, max-snippet:-1, max-image-preview:large, max-video-preview:-1\" \/>\n<link rel=\"canonical\" href=\"https:\/\/nobelbiz.com\/fr\/politique-de-confidentialite\/\" \/>\n<meta property=\"og:locale\" content=\"fr_FR\" \/>\n<meta property=\"og:type\" content=\"article\" \/>\n<meta property=\"og:title\" content=\"Politique de confidentialit\u00e9\" \/>\n<meta property=\"og:description\" content=\"Politique de confidentialit\u00e9 Objet: Chez NobelBiz\u00ae Inc, nous souhaitons nous assurer que nos clients (chaque \u201cutilisateur\u201d) sont conscients de la fa\u00e7on dont les informations collect\u00e9es par le biais de notre site Web www.NobelBiz.com (\u201csite\u201d) sont trait\u00e9es et de la fa\u00e7on dont leur vie priv\u00e9e et leur s\u00e9curit\u00e9 sont prot\u00e9g\u00e9es. En cons\u00e9quence, nous avons \u00e9labor\u00e9 la [&hellip;]\" \/>\n<meta property=\"og:url\" content=\"https:\/\/nobelbiz.com\/fr\/politique-de-confidentialite\/\" \/>\n<meta property=\"og:site_name\" content=\"NobelBiz\" \/>\n<meta property=\"article:publisher\" content=\"https:\/\/www.facebook.com\/nobelbizinc\" \/>\n<meta property=\"article:modified_time\" content=\"2023-02-07T17:31:29+00:00\" \/>\n<meta property=\"og:image\" content=\"https:\/\/nobelbiz.com\/wp-content\/uploads\/2023\/11\/NobelBiz.png\" \/>\n\t<meta property=\"og:image:width\" content=\"399\" \/>\n\t<meta property=\"og:image:height\" content=\"118\" \/>\n\t<meta property=\"og:image:type\" content=\"image\/png\" \/>\n<meta name=\"twitter:card\" content=\"summary_large_image\" \/>\n<meta name=\"twitter:site\" content=\"@NobelBiz\" \/>\n<meta name=\"twitter:label1\" content=\"Dur\u00e9e de lecture estim\u00e9e\" \/>\n\t<meta name=\"twitter:data1\" content=\"2 minutes\" \/>\n<!-- \/ Yoast SEO Premium plugin. -->","yoast_head_json":{"title":"Politique de confidentialit\u00e9 - NobelBiz","robots":{"index":"index","follow":"follow","max-snippet":"max-snippet:-1","max-image-preview":"max-image-preview:large","max-video-preview":"max-video-preview:-1"},"canonical":"https:\/\/nobelbiz.com\/fr\/politique-de-confidentialite\/","og_locale":"fr_FR","og_type":"article","og_title":"Politique de confidentialit\u00e9","og_description":"Politique de confidentialit\u00e9 Objet: Chez NobelBiz\u00ae Inc, nous souhaitons nous assurer que nos clients (chaque \u201cutilisateur\u201d) sont conscients de la fa\u00e7on dont les informations collect\u00e9es par le biais de notre site Web www.NobelBiz.com (\u201csite\u201d) sont trait\u00e9es et de la fa\u00e7on dont leur vie priv\u00e9e et leur s\u00e9curit\u00e9 sont prot\u00e9g\u00e9es. En cons\u00e9quence, nous avons \u00e9labor\u00e9 la [&hellip;]","og_url":"https:\/\/nobelbiz.com\/fr\/politique-de-confidentialite\/","og_site_name":"NobelBiz","article_publisher":"https:\/\/www.facebook.com\/nobelbizinc","article_modified_time":"2023-02-07T17:31:29+00:00","og_image":[{"width":399,"height":118,"url":"https:\/\/nobelbiz.com\/wp-content\/uploads\/2023\/11\/NobelBiz.png","type":"image\/png"}],"twitter_card":"summary_large_image","twitter_site":"@NobelBiz","twitter_misc":{"Dur\u00e9e de lecture estim\u00e9e":"2 minutes"},"schema":{"@context":"https:\/\/schema.org","@graph":[{"@type":"WebPage","@id":"https:\/\/nobelbiz.com\/fr\/politique-de-confidentialite\/","url":"https:\/\/nobelbiz.com\/fr\/politique-de-confidentialite\/","name":"Politique de confidentialit\u00e9 - NobelBiz","isPartOf":{"@id":"https:\/\/nobelbiz.com\/fr\/#website"},"datePublished":"2023-02-06T12:44:24+00:00","dateModified":"2023-02-07T17:31:29+00:00","breadcrumb":{"@id":"https:\/\/nobelbiz.com\/fr\/politique-de-confidentialite\/#breadcrumb"},"inLanguage":"fr-FR","potentialAction":[{"@type":"ReadAction","target":["https:\/\/nobelbiz.com\/fr\/politique-de-confidentialite\/"]}]},{"@type":"BreadcrumbList","@id":"https:\/\/nobelbiz.com\/fr\/politique-de-confidentialite\/#breadcrumb","itemListElement":[{"@type":"ListItem","position":1,"name":"Home","item":"https:\/\/nobelbiz.com\/fr\/"},{"@type":"ListItem","position":2,"name":"Politique de confidentialit\u00e9"}]},{"@type":"WebSite","@id":"https:\/\/nobelbiz.com\/fr\/#website","url":"https:\/\/nobelbiz.com\/fr\/","name":"NobelBiz","description":"Contact Center Technology Solutions","publisher":{"@id":"https:\/\/nobelbiz.com\/fr\/#organization"},"potentialAction":[{"@type":"SearchAction","target":{"@type":"EntryPoint","urlTemplate":"https:\/\/nobelbiz.com\/fr\/?s={search_term_string}"},"query-input":{"@type":"PropertyValueSpecification","valueRequired":true,"valueName":"search_term_string"}}],"inLanguage":"fr-FR"},{"@type":"Organization","@id":"https:\/\/nobelbiz.com\/fr\/#organization","name":"NobelBiz","url":"https:\/\/nobelbiz.com\/fr\/","logo":{"@type":"ImageObject","inLanguage":"fr-FR","@id":"https:\/\/nobelbiz.com\/fr\/#\/schema\/logo\/image\/","url":"https:\/\/nobelbiz.com\/wp-content\/uploads\/2025\/09\/NobelBiz-logo-696.jpg","contentUrl":"https:\/\/nobelbiz.com\/wp-content\/uploads\/2025\/09\/NobelBiz-logo-696.jpg","width":696,"height":696,"caption":"NobelBiz"},"image":{"@id":"https:\/\/nobelbiz.com\/fr\/#\/schema\/logo\/image\/"},"sameAs":["https:\/\/www.facebook.com\/nobelbizinc","https:\/\/x.com\/NobelBiz","https:\/\/mastodon.social\/@Nobelbiz","https:\/\/www.youtube.com\/Nobelbiz"],"description":"NobelBiz is a world-class Telecom and CCaaS company with almost 20 years of experience, delivering complete and tailored solutions for contact centers across the globe irrespective of size, industry or activity. Based in Cheyenne, WY, NobelBiz has grown to serve Contact Centers globally providing World-Class Voice Services, Cloud Contact Center, and Omnichannel solutions. NobelBiz is the only call center-focused telecom carrier in the industry. We are dead-set on empowering call centers conversations all day, everyday. NobelBiz transforms Contact Centers into higher-performing Intelligent Contact Centers. We help take companies from isolated cost center to company-wide intelligence generator for customer service, sales, marketing, product development, and more. The NobelBiz Voice Carrier Network is the only telecom network built for contact centers, having no rivals in terms of services, coverage, and pricing. NobelBiz offers the most versatile selection of smart tools to increase contact rates, mitigate impacts of call labeling and blocking, and provide all-around compliance. The NobelBiz OMNI+ cloud contact center software has a unique blend of capabilities: from Omnichannel, Impressive API integrations, and fast implementation, to simple cross-channel campaign setup and remote work.","email":"info@nobelbiz.com","telephone":"800.975.2844","legalName":"Nobelbiz","foundingDate":"2003-01-17","naics":"517911","numberOfEmployees":{"@type":"QuantitativeValue","minValue":"51","maxValue":"200"}}]}},"_links":{"self":[{"href":"https:\/\/nobelbiz.com\/fr\/wp-json\/wp\/v2\/pages\/19681","targetHints":{"allow":["GET"]}}],"collection":[{"href":"https:\/\/nobelbiz.com\/fr\/wp-json\/wp\/v2\/pages"}],"about":[{"href":"https:\/\/nobelbiz.com\/fr\/wp-json\/wp\/v2\/types\/page"}],"author":[{"embeddable":true,"href":"https:\/\/nobelbiz.com\/fr\/wp-json\/wp\/v2\/users\/4"}],"replies":[{"embeddable":true,"href":"https:\/\/nobelbiz.com\/fr\/wp-json\/wp\/v2\/comments?post=19681"}],"version-history":[{"count":0,"href":"https:\/\/nobelbiz.com\/fr\/wp-json\/wp\/v2\/pages\/19681\/revisions"}],"wp:attachment":[{"href":"https:\/\/nobelbiz.com\/fr\/wp-json\/wp\/v2\/media?parent=19681"}],"wp:term":[{"taxonomy":"category","embeddable":true,"href":"https:\/\/nobelbiz.com\/fr\/wp-json\/wp\/v2\/categories?post=19681"},{"taxonomy":"post_tag","embeddable":true,"href":"https:\/\/nobelbiz.com\/fr\/wp-json\/wp\/v2\/tags?post=19681"}],"curies":[{"name":"wp","href":"https:\/\/api.w.org\/{rel}","templated":true}]}}